{"id":1800030000,"date":"2025-03-28T01:00:00","date_gmt":"2025-03-28T00:00:00","guid":{"rendered":"https:\/\/www.x-tremetuning.ch\/fr\/?page_id=1800030000"},"modified":"2025-03-31T10:48:47","modified_gmt":"2025-03-31T08:48:47","slug":"p-08000300","status":"publish","type":"page","link":"https:\/\/www.x-tremetuning.ch\/fr\/p-08000300\/","title":{"rendered":"Se connecter"},"content":{"rendered":"\n<style type=\"text\/css\" data-created_by=\"avia_inline_auto\" id=\"style-css-av-m8w8t3bp-10e92c07715a62e637c5978632dc50d1\">\n#top .av-special-heading.av-m8w8t3bp-10e92c07715a62e637c5978632dc50d1{\npadding-bottom:40px;\n}\nbody .av-special-heading.av-m8w8t3bp-10e92c07715a62e637c5978632dc50d1 .av-special-heading-tag .heading-char{\nfont-size:25px;\npadding-bottom:10px;\n}\n.av-special-heading.av-m8w8t3bp-10e92c07715a62e637c5978632dc50d1 .av-subheading{\nfont-size:15px;\n}\n<\/style>\n<div  class='av-special-heading av-m8w8t3bp-10e92c07715a62e637c5978632dc50d1 av-special-heading-h2 blockquote elegant-quote elegant-centered  avia-builder-el-0  el_before_av_image  avia-builder-el-first  av-icon'><h2 class='av-special-heading-tag '  itemprop=\"headline\"  ><span class='heading-char avia-svg-icon avia-font-svg_entypo-fontello' data-av_svg_icon='login' data-av_iconset='svg_entypo-fontello'><svg version=\"1.1\" xmlns=\"http:\/\/www.w3.org\/2000\/svg\" width=\"29\" height=\"32\" viewBox=\"0 0 29 32\" preserveAspectRatio=\"xMidYMid meet\" aria-labelledby='av-svg-title-1' aria-describedby='av-svg-desc-1' role=\"graphics-symbol\">\n<title id='av-svg-title-1'>Login<\/title>\n<desc id='av-svg-desc-1'>Login<\/desc>\n<path d=\"M25.6 1.6q1.344 0 2.272 0.928t0.928 2.272v22.4q0 1.28-0.928 2.24t-2.272 0.96h-14.4q-1.28 0-2.208-0.96t-0.928-2.24v-3.2h3.136v3.2h14.4v-22.4h-14.4v4.8h-3.136v-4.8q0-1.344 0.928-2.272t2.208-0.928h14.4zM14.4 23.040v-3.84h-14.4v-4.8h14.4v-3.84l6.4 6.208z\"><\/path>\n<\/svg><\/span><span class=\"heading-wrap\">Acc\u00e8s (se connecter)<\/span><\/h2><div class='av-subheading av-subheading_below'><p>pour client(e)s\/partenaires<\/p>\n<\/div><div class=\"special-heading-border\"><div class=\"special-heading-inner-border\"><\/div><\/div><\/div>\n\n<style type=\"text\/css\" data-created_by=\"avia_inline_auto\" id=\"style-css-av-28l3dpy2pc-cbe56714ca37046b4cc28f7c7083320e\">\n.avia-image-container.av-28l3dpy2pc-cbe56714ca37046b4cc28f7c7083320e img.avia_image{\nbox-shadow:none;\n}\n.avia-image-container.av-28l3dpy2pc-cbe56714ca37046b4cc28f7c7083320e .av-image-caption-overlay-center{\ncolor:#ffffff;\n}\n<\/style>\n<div  class='avia-image-container av-28l3dpy2pc-cbe56714ca37046b4cc28f7c7083320e av-styling- avia-align-center  avia-builder-el-1  el_after_av_heading  el_before_av_one_full '   itemprop=\"image\" itemscope=\"itemscope\" itemtype=\"https:\/\/schema.org\/ImageObject\" ><div class=\"avia-image-container-inner\"><div class=\"avia-image-overlay-wrap\"><img decoding=\"async\" fetchpriority=\"high\" class='wp-image-1000000400 avia-img-lazy-loading-not-1000000400 avia_image ' src=\"https:\/\/www.x-tremetuning.ch\/general\/images\/divers\/1000000400.png\" alt='X-tremeTuning IT-Solutions' title='X-tremeTuning IT-Solutions'  height=\"200\" width=\"200\"  itemprop=\"thumbnailUrl\" srcset=\"https:\/\/www.x-tremetuning.ch\/general\/images\/divers\/1000000400.png 200w, https:\/\/www.x-tremetuning.ch\/general\/images\/divers\/1000000400-80x80.png 80w, https:\/\/www.x-tremetuning.ch\/general\/images\/divers\/1000000400-36x36.png 36w, https:\/\/www.x-tremetuning.ch\/general\/images\/divers\/1000000400-180x180.png 180w\" sizes=\"(max-width: 200px) 100vw, 200px\" \/><\/div><\/div><\/div>\n\n<style type=\"text\/css\" data-created_by=\"avia_inline_auto\" id=\"style-css-av-1pfmcayjw0-8b41d3cf5f6380a70ee0109743ff0306\">\n#top .flex_column.av-1pfmcayjw0-8b41d3cf5f6380a70ee0109743ff0306{\nmargin-top:40px;\nmargin-bottom:20px;\n}\n.responsive #top #wrap_all .flex_column.av-1pfmcayjw0-8b41d3cf5f6380a70ee0109743ff0306{\nmargin-top:40px;\nmargin-bottom:20px;\n}\n<\/style>\n<div  class='flex_column av-1pfmcayjw0-8b41d3cf5f6380a70ee0109743ff0306 av_one_full  avia-builder-el-2  el_after_av_image  avia-builder-el-last  first flex_column_div  '     ><\/div>\n","protected":false},"excerpt":{"rendered":"","protected":false},"author":1,"featured_media":0,"parent":0,"menu_order":6,"comment_status":"closed","ping_status":"closed","template":"","meta":{"footnotes":""},"class_list":["post-1800030000","page","type-page","status-publish","hentry"],"yoast_head":"<!-- This site is optimized with the Yoast SEO plugin v27.4 - https:\/\/yoast.com\/product\/yoast-seo-wordpress\/ -->\n<title>Se connecter - X-tremeTuning IT-Solutions<\/title>\n<meta name=\"description\" content=\"Se connecter au site web de X-tremeTuning IT-Solutions pour acc\u00e9der aux zones prot\u00e9g\u00e9es.\" \/>\n<meta name=\"robots\" content=\"index, follow, max-snippet:-1, max-image-preview:large, max-video-preview:-1\" \/>\n<link rel=\"canonical\" href=\"https:\/\/www.x-tremetuning.ch\/fr\/p-08000300\/\" \/>\n<meta property=\"og:locale\" content=\"fr_FR\" \/>\n<meta property=\"og:type\" content=\"article\" \/>\n<meta property=\"og:title\" content=\"Se connecter - X-tremeTuning IT-Solutions\" \/>\n<meta property=\"og:description\" content=\"Se connecter au site web de X-tremeTuning IT-Solutions pour acc\u00e9der aux zones prot\u00e9g\u00e9es.\" \/>\n<meta property=\"og:url\" content=\"https:\/\/www.x-tremetuning.ch\/fr\/p-08000300\/\" \/>\n<meta property=\"og:site_name\" content=\"X-tremeTuning IT-Solutions\" \/>\n<meta property=\"article:modified_time\" content=\"2025-03-31T08:48:47+00:00\" \/>\n<meta property=\"og:image\" content=\"https:\/\/www.x-tremetuning.ch\/general\/images\/divers\/1000000400.png\" \/>\n\t<meta property=\"og:image:width\" content=\"200\" \/>\n\t<meta property=\"og:image:height\" content=\"200\" \/>\n\t<meta property=\"og:image:type\" content=\"image\/png\" \/>\n<meta name=\"twitter:card\" content=\"summary_large_image\" \/>\n<meta name=\"twitter:title\" content=\"Se connecter - X-tremeTuning IT-Solutions\" \/>\n<meta name=\"twitter:description\" content=\"Se connecter au site web de X-tremeTuning IT-Solutions pour acc\u00e9der aux zones prot\u00e9g\u00e9es.\" \/>\n<meta name=\"twitter:image\" content=\"https:\/\/www.x-tremetuning.ch\/general\/images\/divers\/1000000400.png\" \/>\n<meta name=\"twitter:label1\" content=\"Dur\u00e9e de lecture estim\u00e9e\" \/>\n\t<meta name=\"twitter:data1\" content=\"1 minute\" \/>\n<script type=\"application\/ld+json\" class=\"yoast-schema-graph\">{\"@context\":\"https:\\\/\\\/schema.org\",\"@graph\":[{\"@type\":\"WebPage\",\"@id\":\"https:\\\/\\\/www.x-tremetuning.ch\\\/fr\\\/p-08000300\\\/\",\"url\":\"https:\\\/\\\/www.x-tremetuning.ch\\\/fr\\\/p-08000300\\\/\",\"name\":\"Se connecter - X-tremeTuning IT-Solutions\",\"isPartOf\":{\"@id\":\"https:\\\/\\\/www.x-tremetuning.ch\\\/fr\\\/#website\"},\"datePublished\":\"2025-03-28T00:00:00+00:00\",\"dateModified\":\"2025-03-31T08:48:47+00:00\",\"description\":\"Se connecter au site web de X-tremeTuning IT-Solutions pour acc\u00e9der aux zones prot\u00e9g\u00e9es.\",\"breadcrumb\":{\"@id\":\"https:\\\/\\\/www.x-tremetuning.ch\\\/fr\\\/p-08000300\\\/#breadcrumb\"},\"inLanguage\":\"fr-FR\",\"potentialAction\":[{\"@type\":\"ReadAction\",\"target\":[\"https:\\\/\\\/www.x-tremetuning.ch\\\/fr\\\/p-08000300\\\/\"]}]},{\"@type\":\"BreadcrumbList\",\"@id\":\"https:\\\/\\\/www.x-tremetuning.ch\\\/fr\\\/p-08000300\\\/#breadcrumb\",\"itemListElement\":[{\"@type\":\"ListItem\",\"position\":1,\"name\":\"Accueil\",\"item\":\"https:\\\/\\\/www.x-tremetuning.ch\\\/fr\\\/\"},{\"@type\":\"ListItem\",\"position\":2,\"name\":\"Se connecter\"}]},{\"@type\":\"WebSite\",\"@id\":\"https:\\\/\\\/www.x-tremetuning.ch\\\/fr\\\/#website\",\"url\":\"https:\\\/\\\/www.x-tremetuning.ch\\\/fr\\\/\",\"name\":\"X-tremeTuning IT-Solutions\",\"description\":\"Votre sp&eacute;cialiste des m&eacute;dias, du design web et des syst&egrave;mes de s&eacute;curit&eacute;\",\"potentialAction\":[{\"@type\":\"SearchAction\",\"target\":{\"@type\":\"EntryPoint\",\"urlTemplate\":\"https:\\\/\\\/www.x-tremetuning.ch\\\/fr\\\/?s={search_term_string}\"},\"query-input\":{\"@type\":\"PropertyValueSpecification\",\"valueRequired\":true,\"valueName\":\"search_term_string\"}}],\"inLanguage\":\"fr-FR\"}]}<\/script>\n<!-- \/ Yoast SEO plugin. -->","yoast_head_json":{"title":"Se connecter - X-tremeTuning IT-Solutions","description":"Se connecter au site web de X-tremeTuning IT-Solutions pour acc\u00e9der aux zones prot\u00e9g\u00e9es.","robots":{"index":"index","follow":"follow","max-snippet":"max-snippet:-1","max-image-preview":"max-image-preview:large","max-video-preview":"max-video-preview:-1"},"canonical":"https:\/\/www.x-tremetuning.ch\/fr\/p-08000300\/","og_locale":"fr_FR","og_type":"article","og_title":"Se connecter - X-tremeTuning IT-Solutions","og_description":"Se connecter au site web de X-tremeTuning IT-Solutions pour acc\u00e9der aux zones prot\u00e9g\u00e9es.","og_url":"https:\/\/www.x-tremetuning.ch\/fr\/p-08000300\/","og_site_name":"X-tremeTuning IT-Solutions","article_modified_time":"2025-03-31T08:48:47+00:00","og_image":[{"width":200,"height":200,"url":"https:\/\/www.x-tremetuning.ch\/general\/images\/divers\/1000000400.png","type":"image\/png"}],"twitter_card":"summary_large_image","twitter_title":"Se connecter - X-tremeTuning IT-Solutions","twitter_description":"Se connecter au site web de X-tremeTuning IT-Solutions pour acc\u00e9der aux zones prot\u00e9g\u00e9es.","twitter_image":"https:\/\/www.x-tremetuning.ch\/general\/images\/divers\/1000000400.png","twitter_misc":{"Dur\u00e9e de lecture estim\u00e9e":"1 minute"},"schema":{"@context":"https:\/\/schema.org","@graph":[{"@type":"WebPage","@id":"https:\/\/www.x-tremetuning.ch\/fr\/p-08000300\/","url":"https:\/\/www.x-tremetuning.ch\/fr\/p-08000300\/","name":"Se connecter - X-tremeTuning IT-Solutions","isPartOf":{"@id":"https:\/\/www.x-tremetuning.ch\/fr\/#website"},"datePublished":"2025-03-28T00:00:00+00:00","dateModified":"2025-03-31T08:48:47+00:00","description":"Se connecter au site web de X-tremeTuning IT-Solutions pour acc\u00e9der aux zones prot\u00e9g\u00e9es.","breadcrumb":{"@id":"https:\/\/www.x-tremetuning.ch\/fr\/p-08000300\/#breadcrumb"},"inLanguage":"fr-FR","potentialAction":[{"@type":"ReadAction","target":["https:\/\/www.x-tremetuning.ch\/fr\/p-08000300\/"]}]},{"@type":"BreadcrumbList","@id":"https:\/\/www.x-tremetuning.ch\/fr\/p-08000300\/#breadcrumb","itemListElement":[{"@type":"ListItem","position":1,"name":"Accueil","item":"https:\/\/www.x-tremetuning.ch\/fr\/"},{"@type":"ListItem","position":2,"name":"Se connecter"}]},{"@type":"WebSite","@id":"https:\/\/www.x-tremetuning.ch\/fr\/#website","url":"https:\/\/www.x-tremetuning.ch\/fr\/","name":"X-tremeTuning IT-Solutions","description":"Votre sp&eacute;cialiste des m&eacute;dias, du design web et des syst&egrave;mes de s&eacute;curit&eacute;","potentialAction":[{"@type":"SearchAction","target":{"@type":"EntryPoint","urlTemplate":"https:\/\/www.x-tremetuning.ch\/fr\/?s={search_term_string}"},"query-input":{"@type":"PropertyValueSpecification","valueRequired":true,"valueName":"search_term_string"}}],"inLanguage":"fr-FR"}]}},"_links":{"self":[{"href":"https:\/\/www.x-tremetuning.ch\/fr\/wp-json\/wp\/v2\/pages\/1800030000","targetHints":{"allow":["GET"]}}],"collection":[{"href":"https:\/\/www.x-tremetuning.ch\/fr\/wp-json\/wp\/v2\/pages"}],"about":[{"href":"https:\/\/www.x-tremetuning.ch\/fr\/wp-json\/wp\/v2\/types\/page"}],"author":[{"embeddable":true,"href":"https:\/\/www.x-tremetuning.ch\/fr\/wp-json\/wp\/v2\/users\/1"}],"replies":[{"embeddable":true,"href":"https:\/\/www.x-tremetuning.ch\/fr\/wp-json\/wp\/v2\/comments?post=1800030000"}],"version-history":[{"count":0,"href":"https:\/\/www.x-tremetuning.ch\/fr\/wp-json\/wp\/v2\/pages\/1800030000\/revisions"}],"wp:attachment":[{"href":"https:\/\/www.x-tremetuning.ch\/fr\/wp-json\/wp\/v2\/media?parent=1800030000"}],"curies":[{"name":"wp","href":"https:\/\/api.w.org\/{rel}","templated":true}]}}