{"id":1800010000,"date":"2025-03-28T01:00:00","date_gmt":"2025-03-28T00:00:00","guid":{"rendered":"https:\/\/www.x-tremetuning.ch\/fr\/?page_id=1800010000"},"modified":"2025-03-31T08:29:52","modified_gmt":"2025-03-31T06:29:52","slug":"p-08000100","status":"publish","type":"page","link":"https:\/\/www.x-tremetuning.ch\/fr\/p-08000100\/","title":{"rendered":"Inscription"},"content":{"rendered":"\n<style type=\"text\/css\" data-created_by=\"avia_inline_auto\" id=\"style-css-av-cvvsb5es0-bfd72e8db8092331096be93a3998f561\">\n#top .av-special-heading.av-cvvsb5es0-bfd72e8db8092331096be93a3998f561{\npadding-bottom:40px;\n}\nbody .av-special-heading.av-cvvsb5es0-bfd72e8db8092331096be93a3998f561 .av-special-heading-tag .heading-char{\nfont-size:25px;\npadding-bottom:10px;\n}\n.av-special-heading.av-cvvsb5es0-bfd72e8db8092331096be93a3998f561 .av-subheading{\nfont-size:15px;\n}\n<\/style>\n<div  class='av-special-heading av-cvvsb5es0-bfd72e8db8092331096be93a3998f561 av-special-heading-h2 blockquote elegant-quote elegant-centered  avia-builder-el-0  el_before_av_image  avia-builder-el-first  av-icon'><h2 class='av-special-heading-tag '  itemprop=\"headline\"  ><span class='heading-char avia-svg-icon avia-font-svg_entypo-fontello' data-av_svg_icon='newspaper' data-av_iconset='svg_entypo-fontello'><svg version=\"1.1\" xmlns=\"http:\/\/www.w3.org\/2000\/svg\" width=\"26\" height=\"32\" viewBox=\"0 0 26 32\" preserveAspectRatio=\"xMidYMid meet\" aria-labelledby='av-svg-title-1' aria-describedby='av-svg-desc-1' role=\"graphics-symbol\">\n<title id='av-svg-title-1'>Newspaper<\/title>\n<desc id='av-svg-desc-1'>Newspaper<\/desc>\n<path d=\"M22.4 1.6q1.344 0 2.272 0.928t0.928 2.272v22.4q0 1.28-0.928 2.24t-2.272 0.96h-19.2q-1.28 0-2.24-0.96t-0.96-2.24v-22.4q0-1.344 0.96-2.272t2.24-0.928h19.2zM22.4 27.2v-22.4h-19.2v22.4h19.2zM14.4 19.2v1.6h-8v-1.6h8zM19.2 12.8v1.6h-6.4v-1.6h6.4zM12.8 11.2v-3.2h6.4v3.2h-6.4zM11.2 8v6.4h-4.8v-6.4h4.8zM9.6 16v1.6h-3.2v-1.6h3.2zM11.2 17.6v-1.6h8v1.6h-8zM19.2 22.4v1.6h-12.8v-1.6h12.8zM16 20.8v-1.6h3.2v1.6h-3.2z\"><\/path>\n<\/svg><\/span><span class=\"heading-wrap\">Inscription<\/span><\/h2><div class='av-subheading av-subheading_below'><p>pour client(e)s\/partenaires<\/p>\n<\/div><div class=\"special-heading-border\"><div class=\"special-heading-inner-border\"><\/div><\/div><\/div>\n\n<style type=\"text\/css\" data-created_by=\"avia_inline_auto\" id=\"style-css-av-2tud7vjzf4-77bb77a94820adaf1d73fb2ec99851b2\">\n.avia-image-container.av-2tud7vjzf4-77bb77a94820adaf1d73fb2ec99851b2 img.avia_image{\nbox-shadow:none;\n}\n.avia-image-container.av-2tud7vjzf4-77bb77a94820adaf1d73fb2ec99851b2 .av-image-caption-overlay-center{\ncolor:#ffffff;\n}\n<\/style>\n<div  class='avia-image-container av-2tud7vjzf4-77bb77a94820adaf1d73fb2ec99851b2 av-styling- avia-align-center  avia-builder-el-1  el_after_av_heading  el_before_av_one_full '   itemprop=\"image\" itemscope=\"itemscope\" itemtype=\"https:\/\/schema.org\/ImageObject\" ><div class=\"avia-image-container-inner\"><div class=\"avia-image-overlay-wrap\"><img decoding=\"async\" fetchpriority=\"high\" class='wp-image-1000000400 avia-img-lazy-loading-not-1000000400 avia_image ' src=\"https:\/\/www.x-tremetuning.ch\/general\/images\/divers\/1000000400.png\" alt='X-tremeTuning IT-Solutions' title='X-tremeTuning IT-Solutions'  height=\"200\" width=\"200\"  itemprop=\"thumbnailUrl\" srcset=\"https:\/\/www.x-tremetuning.ch\/general\/images\/divers\/1000000400.png 200w, https:\/\/www.x-tremetuning.ch\/general\/images\/divers\/1000000400-80x80.png 80w, https:\/\/www.x-tremetuning.ch\/general\/images\/divers\/1000000400-36x36.png 36w, https:\/\/www.x-tremetuning.ch\/general\/images\/divers\/1000000400-180x180.png 180w\" sizes=\"(max-width: 200px) 100vw, 200px\" \/><\/div><\/div><\/div>\n\n<style type=\"text\/css\" data-created_by=\"avia_inline_auto\" id=\"style-css-av-1sjj82ih3k-1078328eae07bfaa6b2d8381245dc00a\">\n#top .flex_column.av-1sjj82ih3k-1078328eae07bfaa6b2d8381245dc00a{\nmargin-top:40px;\nmargin-bottom:20px;\n}\n.responsive #top #wrap_all .flex_column.av-1sjj82ih3k-1078328eae07bfaa6b2d8381245dc00a{\nmargin-top:40px;\nmargin-bottom:20px;\n}\n<\/style>\n<div  class='flex_column av-1sjj82ih3k-1078328eae07bfaa6b2d8381245dc00a av_one_full  avia-builder-el-2  el_after_av_image  avia-builder-el-last  first flex_column_div  '     ><\/div>\n","protected":false},"excerpt":{"rendered":"","protected":false},"author":1,"featured_media":0,"parent":0,"menu_order":4,"comment_status":"closed","ping_status":"closed","template":"","meta":{"footnotes":""},"class_list":["post-1800010000","page","type-page","status-publish","hentry"],"yoast_head":"<!-- This site is optimized with the Yoast SEO plugin v27.4 - https:\/\/yoast.com\/product\/yoast-seo-wordpress\/ -->\n<title>Inscription - X-tremeTuning IT-Solutions<\/title>\n<meta name=\"description\" content=\"Inscription au site web de X-tremeTuning IT-Solutions pour acc\u00e9der aux zones prot\u00e9g\u00e9es.\" \/>\n<meta name=\"robots\" content=\"index, follow, max-snippet:-1, max-image-preview:large, max-video-preview:-1\" \/>\n<link rel=\"canonical\" href=\"https:\/\/www.x-tremetuning.ch\/fr\/p-08000100\/\" \/>\n<meta property=\"og:locale\" content=\"fr_FR\" \/>\n<meta property=\"og:type\" content=\"article\" \/>\n<meta property=\"og:title\" content=\"Inscription - X-tremeTuning IT-Solutions\" \/>\n<meta property=\"og:description\" content=\"Inscription au site web de X-tremeTuning IT-Solutions pour acc\u00e9der aux zones prot\u00e9g\u00e9es.\" \/>\n<meta property=\"og:url\" content=\"https:\/\/www.x-tremetuning.ch\/fr\/p-08000100\/\" \/>\n<meta property=\"og:site_name\" content=\"X-tremeTuning IT-Solutions\" \/>\n<meta property=\"article:modified_time\" content=\"2025-03-31T06:29:52+00:00\" \/>\n<meta property=\"og:image\" content=\"https:\/\/www.x-tremetuning.ch\/general\/images\/divers\/1000000400.png\" \/>\n\t<meta property=\"og:image:width\" content=\"200\" \/>\n\t<meta property=\"og:image:height\" content=\"200\" \/>\n\t<meta property=\"og:image:type\" content=\"image\/png\" \/>\n<meta name=\"twitter:card\" content=\"summary_large_image\" \/>\n<meta name=\"twitter:title\" content=\"Inscription - X-tremeTuning IT-Solutions\" \/>\n<meta name=\"twitter:description\" content=\"Inscription au site web de X-tremeTuning IT-Solutions pour acc\u00e9der aux zones prot\u00e9g\u00e9es.\" \/>\n<meta name=\"twitter:image\" content=\"https:\/\/www.x-tremetuning.ch\/general\/images\/divers\/1000000400.png\" \/>\n<meta name=\"twitter:label1\" content=\"Dur\u00e9e de lecture estim\u00e9e\" \/>\n\t<meta name=\"twitter:data1\" content=\"1 minute\" \/>\n<script type=\"application\/ld+json\" class=\"yoast-schema-graph\">{\"@context\":\"https:\\\/\\\/schema.org\",\"@graph\":[{\"@type\":\"WebPage\",\"@id\":\"https:\\\/\\\/www.x-tremetuning.ch\\\/fr\\\/p-08000100\\\/\",\"url\":\"https:\\\/\\\/www.x-tremetuning.ch\\\/fr\\\/p-08000100\\\/\",\"name\":\"Inscription - X-tremeTuning IT-Solutions\",\"isPartOf\":{\"@id\":\"https:\\\/\\\/www.x-tremetuning.ch\\\/fr\\\/#website\"},\"datePublished\":\"2025-03-28T00:00:00+00:00\",\"dateModified\":\"2025-03-31T06:29:52+00:00\",\"description\":\"Inscription au site web de X-tremeTuning IT-Solutions pour acc\u00e9der aux zones prot\u00e9g\u00e9es.\",\"breadcrumb\":{\"@id\":\"https:\\\/\\\/www.x-tremetuning.ch\\\/fr\\\/p-08000100\\\/#breadcrumb\"},\"inLanguage\":\"fr-FR\",\"potentialAction\":[{\"@type\":\"ReadAction\",\"target\":[\"https:\\\/\\\/www.x-tremetuning.ch\\\/fr\\\/p-08000100\\\/\"]}]},{\"@type\":\"BreadcrumbList\",\"@id\":\"https:\\\/\\\/www.x-tremetuning.ch\\\/fr\\\/p-08000100\\\/#breadcrumb\",\"itemListElement\":[{\"@type\":\"ListItem\",\"position\":1,\"name\":\"Accueil\",\"item\":\"https:\\\/\\\/www.x-tremetuning.ch\\\/fr\\\/\"},{\"@type\":\"ListItem\",\"position\":2,\"name\":\"Inscription\"}]},{\"@type\":\"WebSite\",\"@id\":\"https:\\\/\\\/www.x-tremetuning.ch\\\/fr\\\/#website\",\"url\":\"https:\\\/\\\/www.x-tremetuning.ch\\\/fr\\\/\",\"name\":\"X-tremeTuning IT-Solutions\",\"description\":\"Votre sp&eacute;cialiste des m&eacute;dias, du design web et des syst&egrave;mes de s&eacute;curit&eacute;\",\"potentialAction\":[{\"@type\":\"SearchAction\",\"target\":{\"@type\":\"EntryPoint\",\"urlTemplate\":\"https:\\\/\\\/www.x-tremetuning.ch\\\/fr\\\/?s={search_term_string}\"},\"query-input\":{\"@type\":\"PropertyValueSpecification\",\"valueRequired\":true,\"valueName\":\"search_term_string\"}}],\"inLanguage\":\"fr-FR\"}]}<\/script>\n<!-- \/ Yoast SEO plugin. -->","yoast_head_json":{"title":"Inscription - X-tremeTuning IT-Solutions","description":"Inscription au site web de X-tremeTuning IT-Solutions pour acc\u00e9der aux zones prot\u00e9g\u00e9es.","robots":{"index":"index","follow":"follow","max-snippet":"max-snippet:-1","max-image-preview":"max-image-preview:large","max-video-preview":"max-video-preview:-1"},"canonical":"https:\/\/www.x-tremetuning.ch\/fr\/p-08000100\/","og_locale":"fr_FR","og_type":"article","og_title":"Inscription - X-tremeTuning IT-Solutions","og_description":"Inscription au site web de X-tremeTuning IT-Solutions pour acc\u00e9der aux zones prot\u00e9g\u00e9es.","og_url":"https:\/\/www.x-tremetuning.ch\/fr\/p-08000100\/","og_site_name":"X-tremeTuning IT-Solutions","article_modified_time":"2025-03-31T06:29:52+00:00","og_image":[{"width":200,"height":200,"url":"https:\/\/www.x-tremetuning.ch\/general\/images\/divers\/1000000400.png","type":"image\/png"}],"twitter_card":"summary_large_image","twitter_title":"Inscription - X-tremeTuning IT-Solutions","twitter_description":"Inscription au site web de X-tremeTuning IT-Solutions pour acc\u00e9der aux zones prot\u00e9g\u00e9es.","twitter_image":"https:\/\/www.x-tremetuning.ch\/general\/images\/divers\/1000000400.png","twitter_misc":{"Dur\u00e9e de lecture estim\u00e9e":"1 minute"},"schema":{"@context":"https:\/\/schema.org","@graph":[{"@type":"WebPage","@id":"https:\/\/www.x-tremetuning.ch\/fr\/p-08000100\/","url":"https:\/\/www.x-tremetuning.ch\/fr\/p-08000100\/","name":"Inscription - X-tremeTuning IT-Solutions","isPartOf":{"@id":"https:\/\/www.x-tremetuning.ch\/fr\/#website"},"datePublished":"2025-03-28T00:00:00+00:00","dateModified":"2025-03-31T06:29:52+00:00","description":"Inscription au site web de X-tremeTuning IT-Solutions pour acc\u00e9der aux zones prot\u00e9g\u00e9es.","breadcrumb":{"@id":"https:\/\/www.x-tremetuning.ch\/fr\/p-08000100\/#breadcrumb"},"inLanguage":"fr-FR","potentialAction":[{"@type":"ReadAction","target":["https:\/\/www.x-tremetuning.ch\/fr\/p-08000100\/"]}]},{"@type":"BreadcrumbList","@id":"https:\/\/www.x-tremetuning.ch\/fr\/p-08000100\/#breadcrumb","itemListElement":[{"@type":"ListItem","position":1,"name":"Accueil","item":"https:\/\/www.x-tremetuning.ch\/fr\/"},{"@type":"ListItem","position":2,"name":"Inscription"}]},{"@type":"WebSite","@id":"https:\/\/www.x-tremetuning.ch\/fr\/#website","url":"https:\/\/www.x-tremetuning.ch\/fr\/","name":"X-tremeTuning IT-Solutions","description":"Votre sp&eacute;cialiste des m&eacute;dias, du design web et des syst&egrave;mes de s&eacute;curit&eacute;","potentialAction":[{"@type":"SearchAction","target":{"@type":"EntryPoint","urlTemplate":"https:\/\/www.x-tremetuning.ch\/fr\/?s={search_term_string}"},"query-input":{"@type":"PropertyValueSpecification","valueRequired":true,"valueName":"search_term_string"}}],"inLanguage":"fr-FR"}]}},"_links":{"self":[{"href":"https:\/\/www.x-tremetuning.ch\/fr\/wp-json\/wp\/v2\/pages\/1800010000","targetHints":{"allow":["GET"]}}],"collection":[{"href":"https:\/\/www.x-tremetuning.ch\/fr\/wp-json\/wp\/v2\/pages"}],"about":[{"href":"https:\/\/www.x-tremetuning.ch\/fr\/wp-json\/wp\/v2\/types\/page"}],"author":[{"embeddable":true,"href":"https:\/\/www.x-tremetuning.ch\/fr\/wp-json\/wp\/v2\/users\/1"}],"replies":[{"embeddable":true,"href":"https:\/\/www.x-tremetuning.ch\/fr\/wp-json\/wp\/v2\/comments?post=1800010000"}],"version-history":[{"count":0,"href":"https:\/\/www.x-tremetuning.ch\/fr\/wp-json\/wp\/v2\/pages\/1800010000\/revisions"}],"wp:attachment":[{"href":"https:\/\/www.x-tremetuning.ch\/fr\/wp-json\/wp\/v2\/media?parent=1800010000"}],"curies":[{"name":"wp","href":"https:\/\/api.w.org\/{rel}","templated":true}]}}